{"id":1589,"date":"2017-08-31T09:38:05","date_gmt":"2017-08-31T09:38:05","guid":{"rendered":"https:\/\/ecocleaners.be\/2018\/home\/"},"modified":"2021-02-09T12:44:49","modified_gmt":"2021-02-09T11:44:49","slug":"home","status":"publish","type":"page","link":"https:\/\/ecocleaners.be\/nl\/","title":{"rendered":"Home"},"content":{"rendered":"<p>[vc_row css_animation=&#8221;none&#8221; el_class=&#8221;margin-top-89&#8243;][vc_column]<h2 class=\"box-header\">Ons serviceaanbod<\/h2>[vc_column_text el_class=&#8221;description align-center&#8221;]<\/p>\n<p class=\"heading-10\" style=\"text-align: center;\">Wij garanderen dat wij ecologische producten gebruiken die onschadelijk zijn voor het milieu en de gezondheid!<\/p>\n<p>[\/vc_column_text][\/vc_column][\/vc_row][vc_row top_margin=&#8221;page-margin-top&#8221; css=&#8221;.vc_custom_1529311614986{padding-top: 32px !important;}&#8221; el_id=&#8221;services&#8221;][vc_column width=&#8221;1\/4&#8243;]<div class=\"feature-item align-right margin-top-30\"><a href=\"https:\/\/ecocleaners.be\/nl\/services\/handelszaken-kantoren\/\" class=\"feature-item-icon-url\">&nbsp;<\/a><div class=\"icon features-office-2\"><\/div><h4><a href=\"https:\/\/ecocleaners.be\/nl\/services\/handelszaken-kantoren\/\">HANDELSZAKEN &amp; KANTOREN<\/a><\/h4><p>EcoCleaners biedt verschillende pakketten voor het milieuvriendelijk schoonmaken van uw professionele ruimten.<\/p><\/div><div class=\"feature-item align-right page-margin-top\"><a href=\"https:\/\/ecocleaners.be\/nl\/services\/de-industrie\/\" class=\"feature-item-icon-url\">&nbsp;<\/a><div class=\"icon features-factory\"><\/div><h4><a href=\"https:\/\/ecocleaners.be\/nl\/services\/de-industrie\/\">DE INDUSTRIE<\/a><\/h4><p>Met name in de voedingsmiddelensector staan wij in voor de schoonmaak van productie- en opslagruimten.<\/p><\/div>[\/vc_column][vc_column width=&#8221;1\/2&#8243; el_class=&#8221;logo-services&#8221; css=&#8221;.vc_custom_1529518089407{padding-top: 32px !important;}&#8221; offset=&#8221;vc_hidden-sm vc_hidden-xs&#8221;][vc_single_image image=&#8221;1360&#8243; img_size=&#8221;full&#8221; alignment=&#8221;center&#8221; onclick=&#8221;custom_link&#8221; link=&#8221;https:\/\/ecocleaners.be\/nl\/serviceaanbod\/&#8221;][\/vc_column][vc_column css_animation=&#8221;none&#8221; width=&#8221;1\/4&#8243;]<div class=\"feature-item margin-top-30\"><a href=\"https:\/\/ecocleaners.be\/nl\/services\/construction\/\" class=\"feature-item-icon-url\">&nbsp;<\/a><div class=\"icon features-construction\"><\/div><h4><a href=\"https:\/\/ecocleaners.be\/nl\/services\/construction\/\">DE BOUWSECTOR<\/a><\/h4><p>Renovatiewerken brengen vaak veel vuil en stof met zich mee. De gespecialiseerde teams van EcoCleaners reinigen de bouwwerf met veel zorg, zodat deze optimaal tot zijn recht komt.<\/p><\/div><div class=\"feature-item margin-top-30\"><a href=\"https:\/\/ecocleaners.be\/nl\/services\/flatgebouwen\/\" class=\"feature-item-icon-url\">&nbsp;<\/a><div class=\"icon features-office-1\"><\/div><h4><a href=\"https:\/\/ecocleaners.be\/nl\/services\/flatgebouwen\/\">FLATGEBOUWEN<\/a><\/h4><p>EcoCleaners neemt de schoonmaak van de gemeenschappelijke ruimten in het pand voor zijn rekening.<\/p><\/div>[\/vc_column][\/vc_row][vc_row type=&#8221;full-width cm-parallax cm-overlay&#8221; top_margin=&#8221;page-margin-top-section&#8221; css=&#8221;.vc_custom_1548691697730{background-image: url(https:\/\/ecocleaners.be\/wp-content\/uploads\/2019\/01\/tree-nature-forest-grass-outdoor-branch-883799-pxhere.com_.jpg?id=1594) !important;}&#8221; el_class=&#8221;moving-parallax counters-group padding-bottom-100&#8243;][vc_column][vc_row_inner][vc_column_inner width=&#8221;1\/4&#8243;]<div class=\"counter-box\"><div class=\"ornament-container\">\r\n\t\t\t\t\t\t<div class=\"ornament animated-element duration-2000 animation-ornamentHeight\" data-animation-start=\"230\"><\/div>\r\n\t\t\t\t\t<\/div><span class=\"number animated-element\" data-value=\"40\" data-animation-start=\"230\"><\/span><p>WERKNEMERS<\/p><\/div>[\/vc_column_inner][vc_column_inner width=&#8221;1\/4&#8243;]<div class=\"counter-box\"><div class=\"ornament-container\">\r\n\t\t\t\t\t\t<div class=\"ornament animated-element duration-2000 animation-ornamentHeight\" data-animation-start=\"230\"><\/div>\r\n\t\t\t\t\t<\/div><span class=\"number animated-element\" data-value=\"400\" data-animation-start=\"230\"><\/span><p>TEVREDENEN KLANTEN<\/p><\/div>[\/vc_column_inner][vc_column_inner width=&#8221;1\/4&#8243;]<div class=\"counter-box\"><div class=\"ornament-container\">\r\n\t\t\t\t\t\t<div class=\"ornament animated-element duration-2000 animation-ornamentHeight\" data-animation-start=\"230\"><\/div>\r\n\t\t\t\t\t<\/div><span class=\"number animated-element\" data-value=\"640\" data-animation-start=\"230\"><\/span><p>KAMERS<\/p><\/div>[\/vc_column_inner][vc_column_inner width=&#8221;1\/4&#8243;]<div class=\"counter-box\"><div class=\"ornament-container\">\r\n\t\t\t\t\t\t<div class=\"ornament animated-element duration-2000 animation-ornamentHeight\" data-animation-start=\"230\"><\/div>\r\n\t\t\t\t\t<\/div><span class=\"number animated-element\" data-value=\"20\" data-animation-start=\"230\"><\/span><p>JAREN ERVARINGEN<\/p><\/div>[\/vc_column_inner][\/vc_row_inner][\/vc_column][\/vc_row][vc_row][vc_column][vc_empty_space height=&#8221;96px&#8221;][vc_row_inner][vc_column_inner width=&#8221;1\/2&#8243;][vc_single_image image=&#8221;1324&#8243; img_size=&#8221;full&#8221;][\/vc_column_inner][vc_column_inner width=&#8221;1\/2&#8243;]<h3 class=\"box-header\">EcoCleaners onderscheidt zich van andere schoonmaakbedrijven door respect te tonen voor het milieu.<\/h3>[vc_column_text el_class=&#8221;description align-center white&#8221;]<\/p>\n<p class=\"paragraph-2\" style=\"text-align: left;\">EcoCleaners gebruikt uitsluitend milieuvriendelijke huishoudelijke producten en levert ecologisch gecertificeerde verbruiksartikelen. Telkens wanneer we een chemisch product vervangen door een groen schoonmaakproduct geven we onszelf de kans om gezondere lucht te ademen en het milieu te ontzien.<\/p>\n<p>[\/vc_column_text][\/vc_column_inner][\/vc_row_inner][\/vc_column][\/vc_row][vc_row type=&#8221;full-width cm-parallax cm-overlay&#8221; top_margin=&#8221;page-margin-top-section&#8221; el_class=&#8221;padding-top-89 padding-bottom-96&#8243; css=&#8221;.vc_custom_1527947967781{background-image: url(https:\/\/ecocleaners.be\/wp-content\/uploads\/2018\/06\/iStock-518586238.jpg?id=1298) !important;}&#8221;][vc_column][vc_row_inner][vc_column_inner]<h2 class=\"box-header white\">ER ZIJN ZOVEEL VOORDELEN AAN VERBONDEN<\/h2>[\/vc_column_inner][\/vc_row_inner][vc_tabs el_class=&#8221;margin-top-27 white&#8221;][vc_tab icon=&#8221;features-spray&#8221; title=&#8221;HYGI\u00cbNE&#8221; tab_id=&#8221;our-customers&#8221;][vc_row_inner][vc_column_inner][vc_column_text]Je interieur schoonmaken met al te veel chemicali\u00ebn is nefast. Schadelijke virussen en bacteri\u00ebn doden is ok\u00e9, maar ze allemaal elimineren niet! Sommige zijn nuttig en noodzakelijk voor een goede interieurhygi\u00ebne. Zij dragen ook bij tot de ontwikkeling van je immuunsysteem.[\/vc_column_text][\/vc_column_inner][\/vc_row_inner][\/vc_tab][vc_tab icon=&#8221;features-leaf&#8221; title=&#8221;HET MILIEU&#8221; tab_id=&#8221;the-environment&#8221;][vc_row_inner][vc_column_inner][vc_column_text]De meeste huishoudelijke producten belanden in het afvalwater en vervolgens in de natuur, samen met de aanwezige chemicali\u00ebn. Groene huishoudelijke producten hebben minder impact op het milieu.[\/vc_column_text][\/vc_column_inner][\/vc_row_inner][\/vc_tab][vc_tab icon=&#8221;features-spa-1&#8243; title=&#8221;GEZONDHEID&#8221; tab_id=&#8221;communication&#8221;][vc_row_inner][vc_column_inner][vc_column_text]Het gebruik van ecologische producten heeft een weerslag op onze gezondheid: de zware chemische samenstelling van de meeste niet-ecologische producten kan leiden tot irritaties van de huid, de luchtwegen (zelfs van de longen), de ogen, de slijmvliezen \u2026[\/vc_column_text][\/vc_column_inner][\/vc_row_inner][\/vc_tab][vc_tab icon=&#8221;features-eco&#8221; title=&#8221;ONDERZOEK EN ONTWIKKELING&#8221; tab_id=&#8221;1527949968667-3-2&#8243;][vc_row_inner][vc_column_inner][vc_column_text]Er wordt voortdurend onderzoek verricht naar ecologische producten. Zij zijn dan ook bijzonder effici\u00ebnt, voor een prijs die gelijk is aan die van de klassieke chemische producten.[\/vc_column_text][\/vc_column_inner][\/vc_row_inner][\/vc_tab][\/vc_tabs][\/vc_column][\/vc_row][vc_row top_margin=&#8221;page-margin-top-section&#8221;][vc_column width=&#8221;1\/4&#8243;][vc_row_inner][vc_column_inner][vc_empty_space height=&#8221;80px&#8221;][vc_single_image image=&#8221;1312&#8243; img_size=&#8221;full&#8221; onclick=&#8221;custom_link&#8221; img_link_target=&#8221;_blank&#8221; el_class=&#8221;cm-lightbox&#8221; link=&#8221;http:\/\/http:\/\/ec.europa.eu\/environment\/ecolabel\/&#8221;][\/vc_column_inner][\/vc_row_inner][\/vc_column][vc_column width=&#8221;3\/4&#8243;]<h2 class=\"box-header\">Ecolabel<\/h2>[vc_column_text el_class=&#8221;description align-center&#8221;]<\/p>\n<p class=\"heading_title_light\" style=\"padding-left: 30px; text-align: left;\">De leveranciers van onze producten en verbruiksartikelen hebben het ECOLABEL-certificaat.<\/p>\n<p>[\/vc_column_text][vc_column_text el_class=&#8221;align-center padding-0 margin-top-27 padding-left-right-35&#8243;]<\/p>\n<p style=\"text-align: left;\">Dat is het enige Europese label dat de samenstellings- en prestatie-eisen garandeert van de producten die het als milieuvriendelijk certificeert.<br \/>\nHet garandeert onder meer de beperking van de luchtvervuiling door oplosmiddelen en VOS (vluchtige organische stoffen, waarvan er hoe dan ook nog een bepaalde hoeveelheid aanwezig blijft). Het label wijst eveneens op de afwezigheid van ether, glycol, zware metalen en giftige of kankerverwekkende stoffen.<br \/>\nDaarnaast garandeert het een transparante productie en de naleving van de vermelde hoeveelheden.<br \/>\nEcoCleaners onderscheidt zich van andere schoonmaakbedrijven door zijn milieuvriendelijke aanpak. Het gebruikt uitsluitend groene huishoudelijke producten en levert verbruiksartikelen met ecolabel.<\/p>\n<p>[\/vc_column_text][vc_row_inner top_margin=&#8221;page-margin-top&#8221; el_class=&#8221;align-center padding-bottom-16&#8243;][vc_column_inner]<a class=\"more\" href=\"https:\/\/ecocleaners.be\/nl\/over-ons\/\" title=\"Meer weten over Ecocleaners\">Meer weten over Ecocleaners<\/a>[\/vc_column_inner][\/vc_row_inner][vc_empty_space height=&#8221;52px&#8221;][\/vc_column][\/vc_row][vc_row type=&#8221;full-width cm-parallax cm-overlay&#8221; disable_element=&#8221;yes&#8221; el_class=&#8221;padding-top-112 padding-bottom-115&#8243; css=&#8221;.vc_custom_1553688992121{background-image: url(https:\/\/ecocleaners.be\/wp-content\/uploads\/2018\/06\/annie-spratt-182716-web.jpg?id=1346) !important;}&#8221;][vc_column][vc_row_inner][vc_column_inner]<div class=\"testimonials-container type-big\"><a href=\"#\" class=\"slider-control left template-arrow-horizontal-3\"><\/a><ul class=\"testimonials-list testimonials-carousel autoplay-0 pause_on_hover-1 scroll-1 effect-scroll easing-easeInOutQuint duration-750\"><li>\r\n\t\t\t\t\t<div class=\"testimonials-icon template-quote\"><\/div>\r\n\t\t\t\t\t<p>Cleanmate cleaned my home today - they did a terrific job. They even moved the folding chairs beside the washer to be sure the laundry floor was cleaned - they really paid attention to detail. Thank you!<\/p>\r\n\t\t\t\t\t\r\n\t\t\t\t\t<h6>STACEY, NORTH LYNNWOOD<\/h6>\r\n\t\t\t\t\t\r\n\t\t\t\t\t\r\n\t\t\t\t<\/li><li>\r\n\t\t\t\t\t<div class=\"testimonials-icon template-quote\"><\/div>\r\n\t\t\t\t\t<p>We would like to thank Cleanmate company for an outstanding effort on this recently completed project located in the Moscow. The project involved a very aggressive schedule and it was completed on time.<\/p>\r\n\t\t\t\t\t\r\n\t\t\t\t\t<h6>MARK, SOUTH EVERETT<\/h6>\r\n\t\t\t\t\t\r\n\t\t\t\t\t\r\n\t\t\t\t<\/li><li>\r\n\t\t\t\t\t<div class=\"testimonials-icon template-quote\"><\/div>\r\n\t\t\t\t\t<p>Cleanmate cleaned my home today - they did a terrific job. They even moved the folding chairs beside the washer to be sure the laundry floor was cleaned - they really paid attention to detail. Thank you!<\/p>\r\n\t\t\t\t\t\r\n\t\t\t\t\t<h6>ANTHONY, BELLEVUE<\/h6>\r\n\t\t\t\t\t\r\n\t\t\t\t\t\r\n\t\t\t\t<\/li><\/ul><a href=\"#\" class=\"slider-control right template-arrow-horizontal-3\"><\/a><\/div>[\/vc_column_inner][\/vc_row_inner][\/vc_column][\/vc_row][vc_row el_class=&#8221;margin-top-89 padding-bottom-100&#8243; el_id=&#8221;contact&#8221;][vc_column][vc_raw_html]JTNDaDIlMjBjbGFzcyUzRCUyMmFsaWduLWNlbnRlciUyMGdyZWVuJTIyJTNFTmVlbSUyMGNvbnRhY3QlMjBtZXQlMjBvbnMlMjBvcCUzQSUyMCUzQ2ElMjBocmVmJTNEJTIydGVsJTNBJTJCMzI0NzYxNzQyODUlMjIlM0UlMkIzMiUyMCUyODAlMjk0NzYlMkYxNyUyMDQyJTIwODUlM0MlMkZhJTNFJTNDJTJGaDIlM0U=[\/vc_raw_html][vc_column_text el_class=&#8221;description align-center margin-top-20&#8243;]Of stuur ons een bericht.[\/vc_column_text]<form class=\"cm-contact-form page-margin-top\" id=\"contact-form\" method=\"post\" action=\"#\">\r\n\t\t<div class=\"vc_row wpb_row vc_inner flex-box\">\r\n\t\t\t<fieldset class=\"vc_col-sm-6 wpb_column vc_column_container\">\r\n\t\t\t\t<div class=\"block\">\r\n\t\t\t\t\t<label>UW NAAM<\/label>\r\n\t\t\t\t\t<input class=\"text_input\" name=\"name\" type=\"text\" value=\"\" data-required=\"1\">\r\n\t\t\t\t<\/div>\r\n\t\t\t\t<div class=\"block\">\r\n\t\t\t\t\t<label>JOUW EMAIL<\/label>\r\n\t\t\t\t\t<input class=\"text_input\" name=\"email\" type=\"text\" value=\"\" data-required=\"1\">\r\n\t\t\t\t<\/div>\r\n\t\t\t\t<div class=\"block\">\r\n\t\t\t\t\t<label>JOUW TELEFOON<\/label>\r\n\t\t\t\t\t<input class=\"text_input\" name=\"phone\" type=\"text\" value=\"\">\r\n\t\t\t\t<\/div>\r\n\t\t\t<\/fieldset>\r\n\t\t\t<fieldset class=\"vc_col-sm-6 wpb_column vc_column_container\">\r\n\t\t\t\t<div class=\"block textarea-block\">\r\n\t\t\t\t\t<label>UW BERICHT<\/label>\r\n\t\t\t\t\t<textarea name=\"message\" data-required=\"1\"><\/textarea>\r\n\t\t\t\t<\/div>\r\n\t\t\t<\/fieldset>\r\n\t\t<\/div>\r\n\t\t<div class=\"vc_row wpb_row vc_inner margin-top-30\">\r\n\t\t\t<div class=\"vc_col-sm-12 wpb_column vc_column_container\">\r\n\t\t\t\t<input type=\"hidden\" name=\"action\" value=\"theme_contact_form\">\r\n\t\t\t\t<input type=\"hidden\" name=\"id\" value=\"contact-form\"><div class=\"vc_row wpb_row vc_inner margin-top-15 padding-bottom-16 align-center\">\r\n\t\t\t\t\t<a class=\"more submit-contact-form\" href=\"#\" title=\"Verzend\">Verzend<\/a>\r\n\t\t\t\t<\/div><\/div>\r\n\t\t<\/div>\r\n\t<\/form>[\/vc_column][\/vc_row]<\/p>\n","protected":false},"excerpt":{"rendered":"<p>[vc_row css_animation=&#8221;none&#8221; el_class=&#8221;margin-top-89&#8243;][vc_column][vc_column_text el_class=&#8221;description align-center&#8221;] Wij garanderen dat wij ecologische producten gebruiken die onschadelijk zijn voor het milieu en de gezondheid! [\/vc_column_text][\/vc_column][\/vc_row][vc_row top_margin=&#8221;page-margin-top&#8221; css=&#8221;.vc_custom_1529311614986{padding-top: 32px !important;}&#8221; el_id=&#8221;services&#8221;][vc_column width=&#8221;1\/4&#8243;][\/vc_column][vc_column width=&#8221;1\/2&#8243; el_class=&#8221;logo-services&#8221; css=&#8221;.vc_custom_1529518089407{padding-top: 32px !important;}&#8221; offset=&#8221;vc_hidden-sm vc_hidden-xs&#8221;][vc_single_image image=&#8221;1360&#8243; img_size=&#8221;full&#8221; alignment=&#8221;center&#8221; onclick=&#8221;custom_link&#8221; link=&#8221;https:\/\/ecocleaners.be\/nl\/serviceaanbod\/&#8221;][\/vc_column][vc_column css_animation=&#8221;none&#8221; width=&#8221;1\/4&#8243;][\/vc_column][\/vc_row][vc_row type=&#8221;full-width cm-parallax cm-overlay&#8221; top_margin=&#8221;page-margin-top-section&#8221; css=&#8221;.vc_custom_1548691697730{background-image: url(https:\/\/ecocleaners.be\/wp-content\/uploads\/2019\/01\/tree-nature-forest-grass-outdoor-branch-883799-pxhere.com_.jpg?id=1594) !important;}&#8221; el_class=&#8221;moving-parallax counters-group padding-bottom-100&#8243;][vc_column][vc_row_inner][vc_column_inner width=&#8221;1\/4&#8243;][\/vc_column_inner][vc_column_inner width=&#8221;1\/4&#8243;][\/vc_column_inner][vc_column_inner width=&#8221;1\/4&#8243;][\/vc_column_inner][vc_column_inner<\/p>\n","protected":false},"author":1,"featured_media":0,"parent":0,"menu_order":0,"comment_status":"closed","ping_status":"closed","template":"template-home.php","meta":{"_mi_skip_tracking":false},"_links":{"self":[{"href":"https:\/\/ecocleaners.be\/nl\/wp-json\/wp\/v2\/pages\/1589\/"}],"collection":[{"href":"https:\/\/ecocleaners.be\/nl\/wp-json\/wp\/v2\/pages\/"}],"about":[{"href":"https:\/\/ecocleaners.be\/nl\/wp-json\/wp\/v2\/types\/page\/"}],"author":[{"embeddable":true,"href":"https:\/\/ecocleaners.be\/nl\/wp-json\/wp\/v2\/users\/1\/"}],"replies":[{"embeddable":true,"href":"https:\/\/ecocleaners.be\/nl\/wp-json\/wp\/v2\/comments\/?post=1589"}],"version-history":[{"count":9,"href":"https:\/\/ecocleaners.be\/nl\/wp-json\/wp\/v2\/pages\/1589\/revisions\/"}],"predecessor-version":[{"id":1931,"href":"https:\/\/ecocleaners.be\/nl\/wp-json\/wp\/v2\/pages\/1589\/revisions\/1931\/"}],"wp:attachment":[{"href":"https:\/\/ecocleaners.be\/nl\/wp-json\/wp\/v2\/media\/?parent=1589"}],"curies":[{"name":"wp","href":"https:\/\/api.w.org\/{rel}","templated":true}]}}